{"id":57,"date":"2013-01-21T21:37:12","date_gmt":"2013-01-21T21:37:12","guid":{"rendered":"http:\/\/holunderstrauch.wolzt.at\/?page_id=57"},"modified":"2018-05-31T10:21:47","modified_gmt":"2018-05-31T10:21:47","slug":"impressum","status":"publish","type":"page","link":"https:\/\/www.holunderstrauch.at\/?page_id=57","title":{"rendered":"Impressum"},"content":{"rendered":"<p><center><strong>Medieninhaber<\/strong><br \/>\nGasthaus zum Holunderstrauch<br \/>\nGerhard und Barbara M\u00fcller<\/center><\/p>\n<p style=\"text-align: center;\"><strong>Sitz des Medieninhabers <\/strong><br \/>\n1010 Wien, Schreyvogelgasse 3<\/p>\n<p style=\"text-align: center;\"><strong>Unternehmensgegenstand<\/strong><br \/>\nGastronomiebetrieb<\/p>\n<h2 style=\"text-align: left;\"><strong>Erkl\u00e4rung zur Informationspflicht (Datenschutzerkl\u00e4rung)<\/strong><\/h2>\n<p>Nachfolgend informieren wir Sie in diesen Datenschutzinformationen \u00fcber die Datenverarbeitungen auf unserer Website. Die Verarbeitung Ihrer Daten wird auf Grundlage der gesetzlichen Bestimmungen durchgef\u00fchrt (Datenschutzgrundverordnung und Telekommunikationsgesetz 2003).<\/p>\n<h4><strong>Verarbeitungen im Zuge von Kontaktaufnahmen<\/strong><\/h4>\n<p>Daten, welche im Zuge von Online-Kontaktaufnahmen via E-Mail oder Online-Formular von Ihnen angegeben wurden, werden zur Bearbeitung der Anfrage und weiterer Abwicklung bis zu einer von uns definierten Dauer gespeichert. Ihre Daten werden nicht ohne Einwilligung weitergegeben.<\/p>\n<h4><strong>Cookies<\/strong><\/h4>\n<p>Auf dieser Website werden Cookies zur Verbesserung der Nutzerfreundlichkeit verwendet. Eine Deaktivierung von Cookies kann die Funktionalit\u00e4t der Website einschr\u00e4nken.<\/p>\n<h4><strong>Web-Analyse<\/strong><\/h4>\n<p>Diese Website benutzt den Webanalysedienst Google Analytics, der Firma Google mit Sitz in den USA (Google LLC, 1600 Amphitheatre Parkway, Mountain View, CA 94043). Es werden somit Daten zur Auswertung an ein EU-Drittland \u00fcbermittelt.<br \/>\nMittels Cookies werden Informationen zur Benutzung der Website gesammelt und zur Analyse an den oben genannten Anbieter \u00fcbertragen. Sie k\u00f6nnen das Speichern von Cookies in Ihrem Browser deaktivieren.<br \/>\nIhre IP-Adresse wird erfasst, aber sobald m\u00f6glich pseudonymisiert. Dadurch ist nur mehr eine grobe Lokalisierung m\u00f6glich.<br \/>\nDie Beziehung zum Webanalyseanbieter basiert auf dem Angemessenheitsbeschluss der Europ\u00e4ischen Kommission im Zuge des \u201cPrivacy Shields\u201d f\u00fcr die USA:\u00a0<a title=\"https:\/\/www.privacyshield.gov\" href=\"https:\/\/www.privacyshield.gov\" target=\"_blank\" rel=\"noopener\">https:\/\/www.privacyshield.gov<\/a><br \/>\nDie Datenverarbeitung erfolgt auf Basis der gesetzlichen Bestimmungen des \u00a7 96 Abs 3 TKG sowie des Art 6 Abs 1 lit a (Einwilligung) und\/oder f (berechtigtes Interesse) der DSGVO.<br \/>\nUnser Anliegen im Sinne der DSGVO (berechtigtes Interesse) ist die Verbesserung unseres Angebotes und unseres Webauftritts. Da uns die Privatsph\u00e4re unserer Nutzer wichtig ist, werden die Nutzerdaten pseudonymisiert.<\/p>\n<h4><strong>Ihre Rechte<\/strong><\/h4>\n<p>Ihnen stehen grunds\u00e4tzlich die Rechte auf Auskunft, Berichtigung, L\u00f6schung, Einschr\u00e4nkung, Daten\u00fcbertragbarkeit, Widerruf und Widerspruch zu. Wenn Sie glauben, dass die Verarbeitung Ihrer Daten gegen das Datenschutzrecht verst\u00f6\u00dft oder Ihre datenschutzrechtlichen Anspr\u00fcche sonst in einer Weise verletzt worden sind, k\u00f6nnen Sie sich bei der Aufsichtsbeh\u00f6rde beschweren. In \u00d6sterreich ist dies die Datenschutzbeh\u00f6rde.<\/p>\n<p>Sie erreichen uns unter folgenden Kontaktdaten:<br \/>\nGasthaus zum Holunderstrauch<br \/>\n1010 Wien, Schreyvogelgasse 3<br \/>\n+43 (1) 535 90 75 | <a href=\"mailto:zum@holunderstrauch.at\">zum@holunderstrauch.at<\/a><\/p>\n<p>&nbsp;<\/p>\n","protected":false},"excerpt":{"rendered":"<p>Medieninhaber Gasthaus zum Holunderstrauch Gerhard und Barbara M\u00fcller Sitz des Medieninhabers 1010 Wien, Schreyvogelgasse 3 Unternehmensgegenstand Gastronomiebetrieb Erkl\u00e4rung zur Informationspflicht (Datenschutzerkl\u00e4rung) Nachfolgend informieren wir Sie in diesen Datenschutzinformationen \u00fcber die Datenverarbeitungen auf unserer Website. Die Verarbeitung Ihrer Daten wird auf Grundlage der gesetzlichen Bestimmungen durchgef\u00fchrt (Datenschutzgrundverordnung und Telekommunikationsgesetz 2003). Verarbeitungen im Zuge von Kontaktaufnahmen Daten, &hellip; <\/p>\n<p><a class=\"more-link btn\" href=\"https:\/\/www.holunderstrauch.at\/?page_id=57\">Weiterlesen<\/a><\/p>\n","protected":false},"author":1,"featured_media":0,"parent":0,"menu_order":0,"comment_status":"open","ping_status":"open","template":"","meta":{"footnotes":""},"_links":{"self":[{"href":"https:\/\/www.holunderstrauch.at\/index.php?rest_route=\/wp\/v2\/pages\/57"}],"collection":[{"href":"https:\/\/www.holunderstrauch.at\/index.php?rest_route=\/wp\/v2\/pages"}],"about":[{"href":"https:\/\/www.holunderstrauch.at\/index.php?rest_route=\/wp\/v2\/types\/page"}],"author":[{"embeddable":true,"href":"https:\/\/www.holunderstrauch.at\/index.php?rest_route=\/wp\/v2\/users\/1"}],"replies":[{"embeddable":true,"href":"https:\/\/www.holunderstrauch.at\/index.php?rest_route=%2Fwp%2Fv2%2Fcomments&post=57"}],"version-history":[{"count":4,"href":"https:\/\/www.holunderstrauch.at\/index.php?rest_route=\/wp\/v2\/pages\/57\/revisions"}],"predecessor-version":[{"id":385,"href":"https:\/\/www.holunderstrauch.at\/index.php?rest_route=\/wp\/v2\/pages\/57\/revisions\/385"}],"wp:attachment":[{"href":"https:\/\/www.holunderstrauch.at\/index.php?rest_route=%2Fwp%2Fv2%2Fmedia&parent=57"}],"curies":[{"name":"wp","href":"https:\/\/api.w.org\/{rel}","templated":true}]}}