{"id":42,"date":"2013-01-21T20:38:55","date_gmt":"2013-01-21T20:38:55","guid":{"rendered":"http:\/\/holunderstrauch.wolzt.at\/?page_id=42"},"modified":"2013-01-21T21:49:04","modified_gmt":"2013-01-21T21:49:04","slug":"lageplan","status":"publish","type":"page","link":"https:\/\/www.holunderstrauch.at\/?page_id=42","title":{"rendered":"So sind wir zu erreichen"},"content":{"rendered":"<p>1010 Wien, Schreyvogelgasse 3 (gegen\u00fcber dem Universit\u00e4ts-Hauptgeb\u00e4ude)<br \/>\n+43 (1) 535 90 75 | <a href=\"mailto:zum@holunderstrauch.at\">zum@holunderstrauch.at<\/a><\/p>\n<p>&nbsp;<\/p>\n<div style=\"width: 580px;\"><iframe loading=\"lazy\" src=\"http:\/\/regiohelden.de\/google-maps\/map.php?width=580&amp;height=400&amp;hl=de&amp;q=Schreyvogelgasse%203%2C%201010%20Wien+(Zum%20Holunderstrauch)&amp;ie=UTF8&amp;t=&amp;z=15&amp;iwloc=B&amp;output=embed\" height=\"400\" width=\"580\" frameborder=\"0\" marginwidth=\"0\" marginheight=\"0\" scrolling=\"no\"><\/iframe><\/div>\n","protected":false},"excerpt":{"rendered":"<p>1010 Wien, Schreyvogelgasse 3 (gegen\u00fcber dem Universit\u00e4ts-Hauptgeb\u00e4ude) +43 (1) 535 90 75 | zum@holunderstrauch.at &nbsp;<\/p>\n","protected":false},"author":1,"featured_media":0,"parent":0,"menu_order":0,"comment_status":"open","ping_status":"closed","template":"","meta":{"footnotes":""},"_links":{"self":[{"href":"https:\/\/www.holunderstrauch.at\/index.php?rest_route=\/wp\/v2\/pages\/42"}],"collection":[{"href":"https:\/\/www.holunderstrauch.at\/index.php?rest_route=\/wp\/v2\/pages"}],"about":[{"href":"https:\/\/www.holunderstrauch.at\/index.php?rest_route=\/wp\/v2\/types\/page"}],"author":[{"embeddable":true,"href":"https:\/\/www.holunderstrauch.at\/index.php?rest_route=\/wp\/v2\/users\/1"}],"replies":[{"embeddable":true,"href":"https:\/\/www.holunderstrauch.at\/index.php?rest_route=%2Fwp%2Fv2%2Fcomments&post=42"}],"version-history":[{"count":15,"href":"https:\/\/www.holunderstrauch.at\/index.php?rest_route=\/wp\/v2\/pages\/42\/revisions"}],"predecessor-version":[{"id":44,"href":"https:\/\/www.holunderstrauch.at\/index.php?rest_route=\/wp\/v2\/pages\/42\/revisions\/44"}],"wp:attachment":[{"href":"https:\/\/www.holunderstrauch.at\/index.php?rest_route=%2Fwp%2Fv2%2Fmedia&parent=42"}],"curies":[{"name":"wp","href":"https:\/\/api.w.org\/{rel}","templated":true}]}}