{"id":2,"date":"2012-12-30T13:00:54","date_gmt":"2012-12-30T13:00:54","guid":{"rendered":"http:\/\/holunderstrauch.wolzt.at\/?page_id=2"},"modified":"2025-07-26T12:26:58","modified_gmt":"2025-07-26T12:26:58","slug":"sample-page","status":"publish","type":"page","link":"https:\/\/www.holunderstrauch.at\/","title":{"rendered":"Herzlich willkommen"},"content":{"rendered":"\n<h4 class=\"wp-block-heading has-text-align-right\"><a title=\"Fotos unserer G\u00e4ste\" href=\"https:\/\/www.google.at\/maps\/uv?hl=de&amp;pb=!1s0x476d07bd84439b05:0x3106628b123cf951!2m5!2m2!1i80!2i80!3m1!2i100!3m1!7e115!4s\/maps\/place\/zum%2Bholunderstrauch%2Bwien\/@48.2120928,16.3622174,3a,75y,125.89h,90t\/data%3D*213m4*211e1*213m2*211sW4BSnpZdb2cAAAQz4vt53A*212e0*214m2*213m1*211s0x0:0x3106628b123cf951!5szum+holunderstrauch+wien+-+Google-Suche&amp;imagekey=!1e2!2sW4BSnpZdb2cAAAQz4vt53A&amp;sa=X&amp;sqi=2&amp;ved=0ahUKEwjZ7P_F28rNAhUEOsAKHSjnCpsQoB8IcjAL\" target=\"_blank\" rel=\"noopener\">Fotos unserer G\u00e4ste&nbsp;<\/a> | <a href=\"https:\/\/maps.app.goo.gl\/FPNhfjKBNnUu2acKA\" target=\"_blank\" rel=\"noopener\">3D-Rundgang<\/a><\/h4>\n\n\n<ul class=\"wp-block-latest-posts__list wp-block-latest-posts\"><\/ul>\n\n\n<h3 class=\"wp-block-heading\">treten Sie doch n\u00e4her &#8230;<br>&#8230; denn das Weinviertel beginnt in der Schreyvogelgasse<\/h3>\n\n\n<div class=\"wp-block-image\">\n<figure class=\"aligncenter size-full\"><a href=\"https:\/\/www.holunderstrauch.at\/wp-content\/uploads\/2025\/07\/IMG_7644-bearbeitet-1000x860-1.jpg\"><img loading=\"lazy\" decoding=\"async\" width=\"1000\" height=\"862\" src=\"https:\/\/www.holunderstrauch.at\/wp-content\/uploads\/2025\/07\/IMG_7644-bearbeitet-1000x860-1.jpg\" alt=\"\" class=\"wp-image-688\" srcset=\"https:\/\/www.holunderstrauch.at\/wp-content\/uploads\/2025\/07\/IMG_7644-bearbeitet-1000x860-1.jpg 1000w, https:\/\/www.holunderstrauch.at\/wp-content\/uploads\/2025\/07\/IMG_7644-bearbeitet-1000x860-1-300x259.jpg 300w, https:\/\/www.holunderstrauch.at\/wp-content\/uploads\/2025\/07\/IMG_7644-bearbeitet-1000x860-1-768x662.jpg 768w, https:\/\/www.holunderstrauch.at\/wp-content\/uploads\/2025\/07\/IMG_7644-bearbeitet-1000x860-1-750x647.jpg 750w\" sizes=\"(max-width: 1000px) 100vw, 1000px\" \/><\/a><\/figure><\/div>\n\n\n<p>Je nach Jahreszeit gibt es bei uns hausgemachte Mehlspeisen, Weintrauben, Birnen, \u00c4pfel, Zwetschken, N\u00fcsse, Gem\u00fcse &#8230;<br>&#8230; sowie den ganzen Stolz des Altwirten, &#8222;seinen&#8220; Welschriesling und Gr\u00fcnen Veltliner Wein aus eigenem Anbau in Pillichsdorf.<\/p>\n\n\n\n<p>Dar\u00fcber hinaus legen wir gr\u00f6\u00dften Wert darauf, Produkte aus der Region Pillichsdorf wie Spargel, diverse Fruchts\u00e4fte, Fleisch, Kaninchen, Blunzen, Hollerbl\u00fcten, K\u00fcrbis und so weiter .., zu kredenzen.<\/p>\n\n\n\n<h3 class=\"wp-block-heading\"><strong>Vorbeischauen lohnt sich immer!<\/strong><\/h3>\n","protected":false},"excerpt":{"rendered":"<p>Fotos unserer G\u00e4ste&nbsp; | 3D-Rundgang treten Sie doch n\u00e4her &#8230;&#8230; denn das Weinviertel beginnt in der Schreyvogelgasse Je nach Jahreszeit gibt es bei uns hausgemachte Mehlspeisen, Weintrauben, Birnen, \u00c4pfel, Zwetschken, N\u00fcsse, Gem\u00fcse &#8230;&#8230; sowie den ganzen Stolz des Altwirten, &#8222;seinen&#8220; Welschriesling und Gr\u00fcnen Veltliner Wein aus eigenem Anbau in Pillichsdorf. Dar\u00fcber hinaus legen wir gr\u00f6\u00dften &hellip; <\/p>\n<p><a class=\"more-link btn\" href=\"https:\/\/www.holunderstrauch.at\/\">Weiterlesen<\/a><\/p>\n","protected":false},"author":1,"featured_media":0,"parent":0,"menu_order":0,"comment_status":"open","ping_status":"open","template":"","meta":{"footnotes":""},"_links":{"self":[{"href":"https:\/\/www.holunderstrauch.at\/index.php?rest_route=\/wp\/v2\/pages\/2"}],"collection":[{"href":"https:\/\/www.holunderstrauch.at\/index.php?rest_route=\/wp\/v2\/pages"}],"about":[{"href":"https:\/\/www.holunderstrauch.at\/index.php?rest_route=\/wp\/v2\/types\/page"}],"author":[{"embeddable":true,"href":"https:\/\/www.holunderstrauch.at\/index.php?rest_route=\/wp\/v2\/users\/1"}],"replies":[{"embeddable":true,"href":"https:\/\/www.holunderstrauch.at\/index.php?rest_route=%2Fwp%2Fv2%2Fcomments&post=2"}],"version-history":[{"count":95,"href":"https:\/\/www.holunderstrauch.at\/index.php?rest_route=\/wp\/v2\/pages\/2\/revisions"}],"predecessor-version":[{"id":690,"href":"https:\/\/www.holunderstrauch.at\/index.php?rest_route=\/wp\/v2\/pages\/2\/revisions\/690"}],"wp:attachment":[{"href":"https:\/\/www.holunderstrauch.at\/index.php?rest_route=%2Fwp%2Fv2%2Fmedia&parent=2"}],"curies":[{"name":"wp","href":"https:\/\/api.w.org\/{rel}","templated":true}]}}